{"id":93,"date":"2016-11-18T10:10:26","date_gmt":"2016-11-18T10:10:26","guid":{"rendered":"http:\/\/akupunktur-grimm.de\/WordPress_SecureMode_01\/?page_id=93"},"modified":"2017-01-31T14:24:13","modified_gmt":"2017-01-31T14:24:13","slug":"homoeopathie","status":"publish","type":"page","link":"https:\/\/akupunktur-grimm.de\/?page_id=93","title":{"rendered":"Hom\u00f6opathie"},"content":{"rendered":"<p><img loading=\"lazy\" decoding=\"async\" class=\"alignnone wp-image-72 size-full\" src=\"http:\/\/akupunktur-grimm.de\/WordPress_SecureMode_01\/wp-content\/uploads\/2016\/11\/globuli_homoeopathie.jpg\" alt=\"globuli_homoeopathie\" width=\"1400\" height=\"500\" srcset=\"https:\/\/akupunktur-grimm.de\/wp-content\/uploads\/2016\/11\/globuli_homoeopathie.jpg 1400w, https:\/\/akupunktur-grimm.de\/wp-content\/uploads\/2016\/11\/globuli_homoeopathie-300x107.jpg 300w, https:\/\/akupunktur-grimm.de\/wp-content\/uploads\/2016\/11\/globuli_homoeopathie-768x274.jpg 768w, https:\/\/akupunktur-grimm.de\/wp-content\/uploads\/2016\/11\/globuli_homoeopathie-1024x366.jpg 1024w\" sizes=\"auto, (max-width: 1400px) 100vw, 1400px\" \/><\/p>\n<p>Die Hom\u00f6opathie ist, wie die Akupunktur, eine alternativmedizinische Behandlungsmethode.<br \/>\nDas bedeutet eine ganzheitliche Betrachtung des Menschen \u2013 K\u00f6rper, Geist und Seele \u2013 und dadurch eine urs\u00e4chliche Behandlung.<\/p>\n<p>Sie geht auf den Arzt und Chemiker Samuel Hahnemann (1755-1843)\u00a0 zur\u00fcck, der das \u00c4hnlichkeitsprinzip formulierte.<\/p>\n<blockquote><p>\u201esimilia similibus curentur\u201c:\u00a0 \u00c4hnliches m\u00f6ge durch \u00e4hnliches geheilt werden<\/p><\/blockquote>\n<p>Die homo\u00f6pathischen Arzneimittel (Globuli)\u00a0 werden potenziert, d.h. auf bestimmte Art und Weise verd\u00fcnnt und versch\u00fcttelt.\u00a0 Je h\u00f6her die Potenz (Verd\u00fcnnung), desto tiefgreifender ist die Wirkung.<br \/>\nGrundlage der Globuli k\u00f6nnen Pflanzen, Mineralien, Metalle oder tierische Substanzen sein.<\/p>\n<p>&nbsp;<\/p>\n<h4><strong>Sch\u00fc\u00dfler-Salze<\/strong><\/h4>\n<p>Der hom\u00f6opathische Arzt Wilhelm Sch\u00fc\u00dfler war der Ansicht, dass Krankheiten allgemein durch St\u00f6rungen des Mineralhaushaltes der K\u00f6rperzellen entst\u00fcnden. Dieses Ungleichgewicht k\u00f6nne jedoch durch hom\u00f6opathische Gaben von Mineralsalzen, den sogenannten Sch\u00fc\u00dfler-Salzen, geheilt werden.<\/p>\n<p>&nbsp;<\/p>\n<p><strong>Geschichte und Herkunft<\/strong><\/p>\n<p>Dem deutschen Arzt Wilhelm Heinrich Sch\u00fc\u00dfler war die Vielfalt der Heilmittel der Hom\u00f6opathie zu un\u00fcbersichtlich. Daher entwickelte er vor rund 120 Jahren ein eigenes Behandlungssystem, das mit zw\u00f6lf verschiedenen Mineralsalzen auskommt.<br \/>\nSch\u00fc\u00dfler bezeichnete seine Salze als Funktionsmittel, jedes Mittel beeinflusst eine bestimmte Organfunktion. Sch\u00fc\u00dfler war der Ansicht, dass der Mensch gesund ist, wenn jede Zelle ausreichend Mineralstoffe enth\u00e4lt. Der Mensch, dessen Mineralstoffhaushalt im Gleichgewicht ist, besitzt gen\u00fcgend Energien, um krankmachenden Einfl\u00fcssen erfolgreich widerstehen zu k\u00f6nnen.<\/p>\n<p>&nbsp;<\/p>\n<p><strong>Aufnahme von Mineralien<\/strong><\/p>\n<p>Die zw\u00f6lf Funktionsmittel sind anorganische Salze in Verd\u00fcnnung.<br \/>\nWilhelm Sch\u00fc\u00dfler war der Ansicht, dass der Mineralstoffmangel in den Zellen nicht entsteht, weil der Mensch mit seiner Nahrung zu wenig von diesen Stoffen verzehrt, sondern, weil die Zellen nicht in der Lage sind, die Mineralien aufzunehmen.<br \/>\nMineralsalze in unverd\u00fcnnter Form w\u00fcrden den Ort ihrer Bestimmung, also die erkrankte Zelle, nicht erreichen, sondern \u00fcber den Verdauungsweg wieder ausgeschieden werden.<\/p>\n<p>&nbsp;<\/p>\n<p><strong>Potenzierung der Salze<\/strong><\/p>\n<p>Nach Sch\u00fc\u00dflers Theorie m\u00fcssen die Mineralsalze also so sehr verd\u00fcnnt werden, dass sie unmittelbar durch die Schleimh\u00e4ute der Mundh\u00f6hle, des Rachens und der Speiser\u00f6hre ins Blut eindringen k\u00f6nnen.<br \/>\nDie Pr\u00e4parierung geschieht wie in der Hom\u00f6opathie durch schrittweise Verd\u00fcnnung mit Milchzucker, der jeweils \u00fcber Stunden mit der Ausgangssubstanz verrieben wird. Meist werden die Potenzierungen D3, D6 und z.T D12 verwendet. D3 bspw. wird dreimal im Verh\u00e4ltnis 1:10 mit Milchzucker verrieben, entsprechend ist die Verd\u00fcnnung 1: 1000. Bei D12 ist ein Gramm der Ausgangssubstanz schon umgerechnet auf 1 Mio. Tonnen Milchzucker verteilt.<\/p>\n<p>&nbsp;<\/p>\n<p><strong>Die Wirkungsweise<\/strong><\/p>\n<p>\u00dcber den Reiz der potenzierten Salze lernt der K\u00f6rper wieder, f\u00fcr sich selbst zu sorgen.<br \/>\nMit ihrer Hilfe sollen Organfunktionen angeregt, Abl\u00e4ufe reguliert und die Konstitution des Patienten g\u00fcnstig beeinflusst werden.<\/p>\n","protected":false},"excerpt":{"rendered":"<p>Die Hom\u00f6opathie ist, wie die Akupunktur, eine alternativmedizinische Behandlungsmethode. Das bedeutet eine ganzheitliche Betrachtung des Menschen \u2013 K\u00f6rper, Geist und Seele \u2013 und dadurch eine urs\u00e4chliche Behandlung. Sie geht auf den Arzt und Chemiker Samuel Hahnemann (1755-1843)\u00a0 zur\u00fcck, der das<\/p>\n","protected":false},"author":1,"featured_media":72,"parent":16,"menu_order":0,"comment_status":"closed","ping_status":"closed","template":"","meta":{"footnotes":""},"class_list":["post-93","page","type-page","status-publish","has-post-thumbnail","hentry"],"_links":{"self":[{"href":"https:\/\/akupunktur-grimm.de\/index.php?rest_route=\/wp\/v2\/pages\/93","targetHints":{"allow":["GET"]}}],"collection":[{"href":"https:\/\/akupunktur-grimm.de\/index.php?rest_route=\/wp\/v2\/pages"}],"about":[{"href":"https:\/\/akupunktur-grimm.de\/index.php?rest_route=\/wp\/v2\/types\/page"}],"author":[{"embeddable":true,"href":"https:\/\/akupunktur-grimm.de\/index.php?rest_route=\/wp\/v2\/users\/1"}],"replies":[{"embeddable":true,"href":"https:\/\/akupunktur-grimm.de\/index.php?rest_route=%2Fwp%2Fv2%2Fcomments&post=93"}],"version-history":[{"count":10,"href":"https:\/\/akupunktur-grimm.de\/index.php?rest_route=\/wp\/v2\/pages\/93\/revisions"}],"predecessor-version":[{"id":218,"href":"https:\/\/akupunktur-grimm.de\/index.php?rest_route=\/wp\/v2\/pages\/93\/revisions\/218"}],"up":[{"embeddable":true,"href":"https:\/\/akupunktur-grimm.de\/index.php?rest_route=\/wp\/v2\/pages\/16"}],"wp:featuredmedia":[{"embeddable":true,"href":"https:\/\/akupunktur-grimm.de\/index.php?rest_route=\/wp\/v2\/media\/72"}],"wp:attachment":[{"href":"https:\/\/akupunktur-grimm.de\/index.php?rest_route=%2Fwp%2Fv2%2Fmedia&parent=93"}],"curies":[{"name":"wp","href":"https:\/\/api.w.org\/{rel}","templated":true}]}}