{"id":91,"date":"2016-11-18T10:09:16","date_gmt":"2016-11-18T10:09:16","guid":{"rendered":"http:\/\/akupunktur-grimm.de\/WordPress_SecureMode_01\/?page_id=91"},"modified":"2017-01-31T14:17:30","modified_gmt":"2017-01-31T14:17:30","slug":"chinesische-fussmassage","status":"publish","type":"page","link":"https:\/\/akupunktur-grimm.de\/?page_id=91","title":{"rendered":"chinesische Fu\u00dfmassage"},"content":{"rendered":"<p><img loading=\"lazy\" decoding=\"async\" class=\"alignnone wp-image-73 size-full\" src=\"http:\/\/akupunktur-grimm.de\/WordPress_SecureMode_01\/wp-content\/uploads\/2016\/11\/fussmassage.jpg\" alt=\"fussmassage\" width=\"1400\" height=\"500\" srcset=\"https:\/\/akupunktur-grimm.de\/wp-content\/uploads\/2016\/11\/fussmassage.jpg 1400w, https:\/\/akupunktur-grimm.de\/wp-content\/uploads\/2016\/11\/fussmassage-300x107.jpg 300w, https:\/\/akupunktur-grimm.de\/wp-content\/uploads\/2016\/11\/fussmassage-768x274.jpg 768w, https:\/\/akupunktur-grimm.de\/wp-content\/uploads\/2016\/11\/fussmassage-1024x366.jpg 1024w\" sizes=\"auto, (max-width: 1400px) 100vw, 1400px\" \/><\/p>\n<p>Die chinesische Fu\u00dfmassage verbindet das Konzept der westlichen Reflexzonentherapie erfolgreich mit der chinesischen Medizin. Dort hat die Massage der F\u00fc\u00dfe eine lange Tradition.<\/p>\n<p>Bereits im \u00fcber 2000 Jahre alten \u201eInneren Klassiker des Gelben Kaisers\u201c (Huang di Nei Jing) finden sich Beschreibungen der Leitbahnen und Akupunkturpunkte am Fu\u00df. Der gro\u00dfe Chronist der Han-Dynastie Hua Tuo legte in seinen Schriften den Grundstein der Fu\u00dfmassage (Zu Xin Dao: Die Kunst der Behandlung der Fu\u00dfsohle).<\/p>\n<p>Die Akupunkturpunkte am Fu\u00df liegen auf den verschiedenen Meridianen und stehen mit den einzelnen Organen in Verbindung. Durch die Reizung der Reflexzonen und Akupunkturpunkte kann sich\u00a0 ein gesundes Gleichgewicht der Energien\u00a0 einstellen.<\/p>\n<p>Gesundheitsf\u00f6rdernde Wirkung:<\/p>\n<ul>\n<li>Gleichgewicht von Yin und Yang herstellen<\/li>\n<li>Verbesserung der Blutzirkulation<\/li>\n<li>Blockaden in Meridianen l\u00f6sen<\/li>\n<li>Regulieren durch nervale Reize<\/li>\n<li>Regulierung der Abwehrfunktion<\/li>\n<li>Psychische Wirkung durch Entspannung<\/li>\n<\/ul>\n","protected":false},"excerpt":{"rendered":"<p>Die chinesische Fu\u00dfmassage verbindet das Konzept der westlichen Reflexzonentherapie erfolgreich mit der chinesischen Medizin. Dort hat die Massage der F\u00fc\u00dfe eine lange Tradition. Bereits im \u00fcber 2000 Jahre alten \u201eInneren Klassiker des Gelben Kaisers\u201c (Huang di Nei Jing) finden sich<\/p>\n","protected":false},"author":1,"featured_media":73,"parent":16,"menu_order":0,"comment_status":"closed","ping_status":"closed","template":"","meta":{"footnotes":""},"class_list":["post-91","page","type-page","status-publish","has-post-thumbnail","hentry"],"_links":{"self":[{"href":"https:\/\/akupunktur-grimm.de\/index.php?rest_route=\/wp\/v2\/pages\/91","targetHints":{"allow":["GET"]}}],"collection":[{"href":"https:\/\/akupunktur-grimm.de\/index.php?rest_route=\/wp\/v2\/pages"}],"about":[{"href":"https:\/\/akupunktur-grimm.de\/index.php?rest_route=\/wp\/v2\/types\/page"}],"author":[{"embeddable":true,"href":"https:\/\/akupunktur-grimm.de\/index.php?rest_route=\/wp\/v2\/users\/1"}],"replies":[{"embeddable":true,"href":"https:\/\/akupunktur-grimm.de\/index.php?rest_route=%2Fwp%2Fv2%2Fcomments&post=91"}],"version-history":[{"count":9,"href":"https:\/\/akupunktur-grimm.de\/index.php?rest_route=\/wp\/v2\/pages\/91\/revisions"}],"predecessor-version":[{"id":211,"href":"https:\/\/akupunktur-grimm.de\/index.php?rest_route=\/wp\/v2\/pages\/91\/revisions\/211"}],"up":[{"embeddable":true,"href":"https:\/\/akupunktur-grimm.de\/index.php?rest_route=\/wp\/v2\/pages\/16"}],"wp:featuredmedia":[{"embeddable":true,"href":"https:\/\/akupunktur-grimm.de\/index.php?rest_route=\/wp\/v2\/media\/73"}],"wp:attachment":[{"href":"https:\/\/akupunktur-grimm.de\/index.php?rest_route=%2Fwp%2Fv2%2Fmedia&parent=91"}],"curies":[{"name":"wp","href":"https:\/\/api.w.org\/{rel}","templated":true}]}}