{"id":87,"date":"2016-11-18T10:08:07","date_gmt":"2016-11-18T10:08:07","guid":{"rendered":"http:\/\/akupunktur-grimm.de\/WordPress_SecureMode_01\/?page_id=87"},"modified":"2017-01-31T14:23:08","modified_gmt":"2017-01-31T14:23:08","slug":"bachbluetentherapie","status":"publish","type":"page","link":"https:\/\/akupunktur-grimm.de\/?page_id=87","title":{"rendered":"Bachbl\u00fctentherapie"},"content":{"rendered":"<p><img loading=\"lazy\" decoding=\"async\" class=\"alignnone wp-image-74 size-full\" src=\"http:\/\/akupunktur-grimm.de\/WordPress_SecureMode_01\/wp-content\/uploads\/2016\/11\/bachblueten.jpg\" alt=\"bachblueten\" width=\"1400\" height=\"500\" srcset=\"https:\/\/akupunktur-grimm.de\/wp-content\/uploads\/2016\/11\/bachblueten.jpg 1400w, https:\/\/akupunktur-grimm.de\/wp-content\/uploads\/2016\/11\/bachblueten-300x107.jpg 300w, https:\/\/akupunktur-grimm.de\/wp-content\/uploads\/2016\/11\/bachblueten-768x274.jpg 768w, https:\/\/akupunktur-grimm.de\/wp-content\/uploads\/2016\/11\/bachblueten-1024x366.jpg 1024w\" sizes=\"auto, (max-width: 1400px) 100vw, 1400px\" \/><\/p>\n<p>Die Therapie geht auf den englischen Arzt Dr. Eduard Bach (1886-1936) zur\u00fcck. Sein Grundgedanke war, dass jeder k\u00f6rperlichen Erkrankung ein seelisches Ungleichgewicht, eine negative Einstellung zu sich selbst und dem Leben oder eine Charakterschw\u00e4che zugrunde liegt.<\/p>\n<p>Die 38 Bl\u00fctenessenzen helfen dem Menschen den Weg zu seiner eigentlichen Bestimmung leichter zu gehen und sich seines inneren Wertes dauerhaft bewusst zu sein. Sie k\u00f6nnen helfen<\/p>\n<ul>\n<li>seelische Blockaden zu l\u00f6sen<\/li>\n<li>Selbsterkenntnis zu erlangen<\/li>\n<li>Zugang zu den eigenen seelischen Selbstheilungskr\u00e4ften zu finden<\/li>\n<li>stellen das seelische Gleichgewicht wieder her<\/li>\n<li>helfen bei der Bew\u00e4ltigung seelischer Krisensituationen (Stress, Trauer, Probleme in Schule und Arbeitsplatz, Beziehungsprobleme&#8230;)<\/li>\n<\/ul>\n<p>&nbsp;<\/p>\n<p><strong>Lebensaufgabe &#8211; Arbeit an sich selbst<br \/>\n<\/strong><\/p>\n<p>Bach hatte die Vision, dass der Mensch ein Gesch\u00f6pf Gottes ist und damit\u00a0 vollkommen, gl\u00fccklich, zufrieden und gesund.<br \/>\nDurch ungl\u00fcckliche, belastende Lebensumst\u00e4nde entwickeln wir negative Charaktereigenschaften wie Angst, Hoffnungslosigkeit und Egoismus, aber auch Mutlosigkeit und Resignation.<\/p>\n<p>Bachbl\u00fcten k\u00f6nnen helfen, wieder zu seinen inneren Kr\u00e4ften zu finden und Mut, Entscheidungskraft, innere Gewissheit, Zuversicht und dadurch Zufriedenheit und Gesundheit zu erlangen.<\/p>\n<blockquote><p>Die Lebensaufgabe eines jeden Menschen besteht darin, Charaktereigenschaften zu entwickeln, die es ihm erm\u00f6glichen, stets der eigenen Individualit\u00e4t gewahr zu sein,\u00a0 den richtigen Lebensweg einzuschlagen und ihm unbeeinflusst zu folgen, mit anderen Menschen in verst\u00e4ndnisvoller Weise umzugehen, ohne die eigenen Bed\u00fcrfnisse zu vernachl\u00e4ssigen.\u00a0 (Dr. E. Bach)<\/p><\/blockquote>\n<p>&nbsp;<\/p>\n<p><strong>Behandlung<\/strong><\/p>\n<p>Die Einnahme von Bachbl\u00fcten-Essenzen kann uns helfen, momentane, aber auch \u00fcber einen l\u00e4ngeren Zeitraum auftretende Gem\u00fctszust\u00e4nde zu lindern oder zu beseitigen. Sie helfen bei der pers\u00f6nlichen Weiterentwicklung.<\/p>\n","protected":false},"excerpt":{"rendered":"<p>Die Therapie geht auf den englischen Arzt Dr. Eduard Bach (1886-1936) zur\u00fcck. Sein Grundgedanke war, dass jeder k\u00f6rperlichen Erkrankung ein seelisches Ungleichgewicht, eine negative Einstellung zu sich selbst und dem Leben oder eine Charakterschw\u00e4che zugrunde liegt. Die 38 Bl\u00fctenessenzen helfen<\/p>\n","protected":false},"author":1,"featured_media":74,"parent":16,"menu_order":0,"comment_status":"closed","ping_status":"closed","template":"","meta":{"footnotes":""},"class_list":["post-87","page","type-page","status-publish","has-post-thumbnail","hentry"],"_links":{"self":[{"href":"https:\/\/akupunktur-grimm.de\/index.php?rest_route=\/wp\/v2\/pages\/87","targetHints":{"allow":["GET"]}}],"collection":[{"href":"https:\/\/akupunktur-grimm.de\/index.php?rest_route=\/wp\/v2\/pages"}],"about":[{"href":"https:\/\/akupunktur-grimm.de\/index.php?rest_route=\/wp\/v2\/types\/page"}],"author":[{"embeddable":true,"href":"https:\/\/akupunktur-grimm.de\/index.php?rest_route=\/wp\/v2\/users\/1"}],"replies":[{"embeddable":true,"href":"https:\/\/akupunktur-grimm.de\/index.php?rest_route=%2Fwp%2Fv2%2Fcomments&post=87"}],"version-history":[{"count":9,"href":"https:\/\/akupunktur-grimm.de\/index.php?rest_route=\/wp\/v2\/pages\/87\/revisions"}],"predecessor-version":[{"id":217,"href":"https:\/\/akupunktur-grimm.de\/index.php?rest_route=\/wp\/v2\/pages\/87\/revisions\/217"}],"up":[{"embeddable":true,"href":"https:\/\/akupunktur-grimm.de\/index.php?rest_route=\/wp\/v2\/pages\/16"}],"wp:featuredmedia":[{"embeddable":true,"href":"https:\/\/akupunktur-grimm.de\/index.php?rest_route=\/wp\/v2\/media\/74"}],"wp:attachment":[{"href":"https:\/\/akupunktur-grimm.de\/index.php?rest_route=%2Fwp%2Fv2%2Fmedia&parent=87"}],"curies":[{"name":"wp","href":"https:\/\/api.w.org\/{rel}","templated":true}]}}