{"id":83,"date":"2016-11-18T10:07:10","date_gmt":"2016-11-18T10:07:10","guid":{"rendered":"http:\/\/akupunktur-grimm.de\/WordPress_SecureMode_01\/?page_id=83"},"modified":"2017-01-31T14:20:25","modified_gmt":"2017-01-31T14:20:25","slug":"therapeutisches-taping","status":"publish","type":"page","link":"https:\/\/akupunktur-grimm.de\/?page_id=83","title":{"rendered":"therapeutisches Taping"},"content":{"rendered":"<p><img loading=\"lazy\" decoding=\"async\" class=\"alignnone wp-image-47 size-full\" src=\"http:\/\/akupunktur-grimm.de\/WordPress_SecureMode_01\/wp-content\/uploads\/2016\/11\/slider_taping.jpg\" alt=\"slider_taping\" width=\"1400\" height=\"500\" srcset=\"https:\/\/akupunktur-grimm.de\/wp-content\/uploads\/2016\/11\/slider_taping.jpg 1400w, https:\/\/akupunktur-grimm.de\/wp-content\/uploads\/2016\/11\/slider_taping-300x107.jpg 300w, https:\/\/akupunktur-grimm.de\/wp-content\/uploads\/2016\/11\/slider_taping-768x274.jpg 768w, https:\/\/akupunktur-grimm.de\/wp-content\/uploads\/2016\/11\/slider_taping-1024x366.jpg 1024w\" sizes=\"auto, (max-width: 1400px) 100vw, 1400px\" \/><\/p>\n<p>Ziel ist es, den Schmerz zu reduzieren und das Bewegungsausma\u00df so optimal wie m\u00f6glich zu erhalten (Leitsatz: \u201e<strong>Full range of motion<\/strong>\u201c).<\/p>\n<p>Unter dem Begriff \u201etherapeutisches Taping&#8220; werden Erkenntnisse und Methoden des Kinesio-Taping und des Medi-Taping kombiniert.<\/p>\n<p>Mit dieser Art Taping k\u00f6nnen fast alle St\u00f6rungen am Halte- und St\u00fctzapparat sowie auch internistische oder neurologische Erkrankungen therapiert werden.<\/p>\n<p>Da dieses Therapiekonzept relativ neu ist, ist der Gesamtumfang der Einsatzm\u00f6glichkeiten noch nicht absehbar, durch st\u00e4ndige Weiterentwicklung dieser Therapieform werden sowohl die praktischen Erfahrungen als auch die Anwendungsbeispiele immer umfangreicher.<\/p>\n<p>&nbsp;<\/p>\n<p><strong>Kinesio-Taping<\/strong><\/p>\n<p>Entwickelt von dem Chiropraktiker Dr. Kenzo Kase aus Japan.<\/p>\n<p>Er stellte in seiner Praxis fest, dass chiropraktische Behandlungen immer wieder durchgef\u00fchrt werden mussten. Dies brachte ihn zu der Erkenntnis:<\/p>\n<blockquote><p>\u201eDie Ursache f\u00fcr die wiederkehrenden Blockierungen im Bereich der Gelenke ist nicht im Skelettbereich zu suchen, sondern sie liegt an der angespannten und \u00fcberlasteten Muskulatur.\u201c<\/p><\/blockquote>\n<p>Daraufhin entwickelte er das spezielle, elastische Tape, das in bestimmter Technik auf die Muskulatur aufgebracht wird.<\/p>\n<p>&nbsp;<\/p>\n<p><strong>Medi-Taping<\/strong><\/p>\n<p>2001 machte Dr. Dieter Sielmann eigene Erfahrungen mit diesen Tapes und verfeinerte in seiner Praxis deren Anwendung durch Einbeziehung von Energetik, Statik und Akupunktur.<\/p>\n<p>Er gab seiner Methode 2004 den Namen &#8222;Medi-Taping&#8220;.<\/p>\n<p>&nbsp;<\/p>\n<p>Die Kombination aus Kinesio-Taping, Medi-Taping und dem koreanischen Cross-Taping wurde 2005 durch den Heilpraktiker Adrian Lenz unter der Bezeichnung &#8222;Therapeutisches Taping&#8220; vorgestellt und seit dieser Zeit in zahlreichen Seminaren weiter vermittelt.<\/p>\n<p>Mehr Infos unter:\u00a0 <a href=\"http:\/\/www.heilpraktiker-lenz.de\" target=\"_blank\">www.heilpraktiker-lenz.de<\/a><\/p>\n","protected":false},"excerpt":{"rendered":"<p>Ziel ist es, den Schmerz zu reduzieren und das Bewegungsausma\u00df so optimal wie m\u00f6glich zu erhalten (Leitsatz: \u201eFull range of motion\u201c). Unter dem Begriff \u201etherapeutisches Taping&#8220; werden Erkenntnisse und Methoden des Kinesio-Taping und des Medi-Taping kombiniert. Mit dieser Art Taping<\/p>\n","protected":false},"author":1,"featured_media":47,"parent":16,"menu_order":0,"comment_status":"closed","ping_status":"closed","template":"","meta":{"footnotes":""},"class_list":["post-83","page","type-page","status-publish","has-post-thumbnail","hentry"],"_links":{"self":[{"href":"https:\/\/akupunktur-grimm.de\/index.php?rest_route=\/wp\/v2\/pages\/83","targetHints":{"allow":["GET"]}}],"collection":[{"href":"https:\/\/akupunktur-grimm.de\/index.php?rest_route=\/wp\/v2\/pages"}],"about":[{"href":"https:\/\/akupunktur-grimm.de\/index.php?rest_route=\/wp\/v2\/types\/page"}],"author":[{"embeddable":true,"href":"https:\/\/akupunktur-grimm.de\/index.php?rest_route=\/wp\/v2\/users\/1"}],"replies":[{"embeddable":true,"href":"https:\/\/akupunktur-grimm.de\/index.php?rest_route=%2Fwp%2Fv2%2Fcomments&post=83"}],"version-history":[{"count":10,"href":"https:\/\/akupunktur-grimm.de\/index.php?rest_route=\/wp\/v2\/pages\/83\/revisions"}],"predecessor-version":[{"id":214,"href":"https:\/\/akupunktur-grimm.de\/index.php?rest_route=\/wp\/v2\/pages\/83\/revisions\/214"}],"up":[{"embeddable":true,"href":"https:\/\/akupunktur-grimm.de\/index.php?rest_route=\/wp\/v2\/pages\/16"}],"wp:featuredmedia":[{"embeddable":true,"href":"https:\/\/akupunktur-grimm.de\/index.php?rest_route=\/wp\/v2\/media\/47"}],"wp:attachment":[{"href":"https:\/\/akupunktur-grimm.de\/index.php?rest_route=%2Fwp%2Fv2%2Fmedia&parent=83"}],"curies":[{"name":"wp","href":"https:\/\/api.w.org\/{rel}","templated":true}]}}