{"id":79,"date":"2016-11-18T10:05:26","date_gmt":"2016-11-18T10:05:26","guid":{"rendered":"http:\/\/akupunktur-grimm.de\/WordPress_SecureMode_01\/?page_id=79"},"modified":"2016-12-12T11:02:05","modified_gmt":"2016-12-12T11:02:05","slug":"pulsdiagnose","status":"publish","type":"page","link":"https:\/\/akupunktur-grimm.de\/?page_id=79","title":{"rendered":"Pulsdiagnose"},"content":{"rendered":"<p><img loading=\"lazy\" decoding=\"async\" class=\"alignnone wp-image-45 size-full\" src=\"http:\/\/akupunktur-grimm.de\/WordPress_SecureMode_01\/wp-content\/uploads\/2016\/11\/slider_pulsdiagnose.jpg\" alt=\"slider_pulsdiagnose\" width=\"1400\" height=\"500\" srcset=\"https:\/\/akupunktur-grimm.de\/wp-content\/uploads\/2016\/11\/slider_pulsdiagnose.jpg 1400w, https:\/\/akupunktur-grimm.de\/wp-content\/uploads\/2016\/11\/slider_pulsdiagnose-300x107.jpg 300w, https:\/\/akupunktur-grimm.de\/wp-content\/uploads\/2016\/11\/slider_pulsdiagnose-768x274.jpg 768w, https:\/\/akupunktur-grimm.de\/wp-content\/uploads\/2016\/11\/slider_pulsdiagnose-1024x366.jpg 1024w\" sizes=\"auto, (max-width: 1400px) 100vw, 1400px\" \/><\/p>\n<p>Die Pulsdiagnose ist die \u00e4lteste Diagnoseform, die in\u00a0den Schriften der chinesischen Medizin erw\u00e4hnt wird. Sie erm\u00f6glicht eine genaue Aussage zum Gesundheitszustand eines Menschen.<\/p>\n<p>Feinste energetische St\u00f6rungen der Organe und Meridiane k\u00f6nnen gesp\u00fcrt werden.\u00a0\u2028An jeder Hand werden je sechs Pulse &#8211; drei oberfl\u00e4chliche und drei tiefe &#8211; getastet.\u00a0\u2028Jeder Pulstaststelle sind Meridiane und Organe zugeordnet. Eine individuelle, urs\u00e4chliche Akupunkturbehandlung kann nur durch Ausgleich der Energiedefizite der jeweiligen Meridiane\/Organe geschehen, wor\u00fcber die Pulsdiagnose Aufschluss gibt.<\/p>\n<p>Vor und nach jeder Akupunktursitzung f\u00fchre ich eine Pulsdiagnose durch. So ist eine individuelle, auf den Patienten abgestimmte Akupunktur und Tonakupunktur m\u00f6glich.<\/p>\n","protected":false},"excerpt":{"rendered":"<p>Die Pulsdiagnose ist die \u00e4lteste Diagnoseform, die in\u00a0den Schriften der chinesischen Medizin erw\u00e4hnt wird. Sie erm\u00f6glicht eine genaue Aussage zum Gesundheitszustand eines Menschen. Feinste energetische St\u00f6rungen der Organe und Meridiane k\u00f6nnen gesp\u00fcrt werden.\u00a0\u2028An jeder Hand werden je sechs Pulse &#8211;<\/p>\n","protected":false},"author":1,"featured_media":45,"parent":16,"menu_order":0,"comment_status":"closed","ping_status":"closed","template":"","meta":{"footnotes":""},"class_list":["post-79","page","type-page","status-publish","has-post-thumbnail","hentry"],"_links":{"self":[{"href":"https:\/\/akupunktur-grimm.de\/index.php?rest_route=\/wp\/v2\/pages\/79","targetHints":{"allow":["GET"]}}],"collection":[{"href":"https:\/\/akupunktur-grimm.de\/index.php?rest_route=\/wp\/v2\/pages"}],"about":[{"href":"https:\/\/akupunktur-grimm.de\/index.php?rest_route=\/wp\/v2\/types\/page"}],"author":[{"embeddable":true,"href":"https:\/\/akupunktur-grimm.de\/index.php?rest_route=\/wp\/v2\/users\/1"}],"replies":[{"embeddable":true,"href":"https:\/\/akupunktur-grimm.de\/index.php?rest_route=%2Fwp%2Fv2%2Fcomments&post=79"}],"version-history":[{"count":3,"href":"https:\/\/akupunktur-grimm.de\/index.php?rest_route=\/wp\/v2\/pages\/79\/revisions"}],"predecessor-version":[{"id":138,"href":"https:\/\/akupunktur-grimm.de\/index.php?rest_route=\/wp\/v2\/pages\/79\/revisions\/138"}],"up":[{"embeddable":true,"href":"https:\/\/akupunktur-grimm.de\/index.php?rest_route=\/wp\/v2\/pages\/16"}],"wp:featuredmedia":[{"embeddable":true,"href":"https:\/\/akupunktur-grimm.de\/index.php?rest_route=\/wp\/v2\/media\/45"}],"wp:attachment":[{"href":"https:\/\/akupunktur-grimm.de\/index.php?rest_route=%2Fwp%2Fv2%2Fmedia&parent=79"}],"curies":[{"name":"wp","href":"https:\/\/api.w.org\/{rel}","templated":true}]}}