{"id":49,"date":"2016-11-17T17:39:56","date_gmt":"2016-11-17T17:39:56","guid":{"rendered":"http:\/\/akupunktur-grimm.de\/WordPress_SecureMode_01\/?page_id=49"},"modified":"2020-07-16T14:53:12","modified_gmt":"2020-07-16T14:53:12","slug":"ueber-mich","status":"publish","type":"page","link":"https:\/\/akupunktur-grimm.de\/?page_id=49","title":{"rendered":"\u00dcber mich"},"content":{"rendered":"<p><img loading=\"lazy\" decoding=\"async\" class=\"alignnone wp-image-251 size-full\" src=\"http:\/\/akupunktur-grimm.de\/wp-content\/uploads\/2020\/07\/IMG-20200715-WA0006-e1594910826813.jpg\" alt=\"\" width=\"828\" height=\"544\" srcset=\"https:\/\/akupunktur-grimm.de\/wp-content\/uploads\/2020\/07\/IMG-20200715-WA0006-e1594910826813.jpg 828w, https:\/\/akupunktur-grimm.de\/wp-content\/uploads\/2020\/07\/IMG-20200715-WA0006-e1594910826813-300x197.jpg 300w, https:\/\/akupunktur-grimm.de\/wp-content\/uploads\/2020\/07\/IMG-20200715-WA0006-e1594910826813-768x505.jpg 768w\" sizes=\"auto, (max-width: 828px) 100vw, 828px\" \/><\/p>\n<p>Mein Name ist Martina Grimm. Seit 2006 bin ich Heilpraktikerin und habe mich mit einer eigenen Praxis 2007 selbstst\u00e4ndig gemacht. Ich lege gro\u00dfen Wert darauf, regelm\u00e4\u00dfig neue Ausbildungen und Fortbildungen zu absolvieren, um meine Patientinnen und Patienten kompetent und ganzheitlich betreuen zu k\u00f6nnen.<\/p>\n<p><strong>Ausbildung \/ Fortbildungen:<\/strong><\/p>\n<ul>\n<li>zweij\u00e4hrige Ausbildung zur <strong>Heilpraktikerin<\/strong> (DHS Die Heilpraktiker Schule, Aalen),<br \/>\n<strong>Zulassung zur Aus\u00fcbung der Heilkunde<\/strong> seit Dezember 2006 (Staatliches Gesundheitsamt Heilbronn am 20.12.2006)<\/li>\n<li><b>Naturheilkundestudium DHS<\/b> (u.a. mit Bachbl\u00fctentherapie,\u00a0Ohrakupunktur, Neuraltherapie, Ausleitverfahren,\u00a0Fu\u00dfreflexzonentherapie)<\/li>\n<li><b>TSI MO Akupunkturschule<\/b>, Maria Kriester M\u00fcnchen:<br \/>\nAusbildung in klassischer Akupunktur und Pulsdiagnose nach Ton van der Molen<br \/>\n(Abschluss mit Diplom + Licensed Acupuncturist (L.Ac.))<\/li>\n<li>Ausbildung zur <strong>Schilddr\u00fcsenpraktikerin<\/strong> bei Dr. med. Berndt Rieger<\/li>\n<li>therapeutisches Taping<\/li>\n<li>Chakrenbl\u00fcten-Therapie<\/li>\n<li>modifizierte Augenakupunktur<\/li>\n<li>Sanum-Therapie<\/li>\n<li>Spenglersan Kolloid Immun-Therapie<\/li>\n<li>neue\u00a0Sch\u00e4delakupunktur nach Yamamoto<\/li>\n<li>Quantenheilung \/ 2-Punkt- Methode<\/li>\n<li>Mykotherapie<\/li>\n<li>Dozentin der VHS<\/li>\n<\/ul>\n","protected":false},"excerpt":{"rendered":"<p>Mein Name ist Martina Grimm. Seit 2006 bin ich Heilpraktikerin und habe mich mit einer eigenen Praxis 2007 selbstst\u00e4ndig gemacht. Ich lege gro\u00dfen Wert darauf, regelm\u00e4\u00dfig neue Ausbildungen und Fortbildungen zu absolvieren, um meine Patientinnen und Patienten kompetent und ganzheitlich<\/p>\n","protected":false},"author":1,"featured_media":251,"parent":0,"menu_order":0,"comment_status":"closed","ping_status":"closed","template":"","meta":{"footnotes":""},"class_list":["post-49","page","type-page","status-publish","has-post-thumbnail","hentry"],"_links":{"self":[{"href":"https:\/\/akupunktur-grimm.de\/index.php?rest_route=\/wp\/v2\/pages\/49","targetHints":{"allow":["GET"]}}],"collection":[{"href":"https:\/\/akupunktur-grimm.de\/index.php?rest_route=\/wp\/v2\/pages"}],"about":[{"href":"https:\/\/akupunktur-grimm.de\/index.php?rest_route=\/wp\/v2\/types\/page"}],"author":[{"embeddable":true,"href":"https:\/\/akupunktur-grimm.de\/index.php?rest_route=\/wp\/v2\/users\/1"}],"replies":[{"embeddable":true,"href":"https:\/\/akupunktur-grimm.de\/index.php?rest_route=%2Fwp%2Fv2%2Fcomments&post=49"}],"version-history":[{"count":17,"href":"https:\/\/akupunktur-grimm.de\/index.php?rest_route=\/wp\/v2\/pages\/49\/revisions"}],"predecessor-version":[{"id":254,"href":"https:\/\/akupunktur-grimm.de\/index.php?rest_route=\/wp\/v2\/pages\/49\/revisions\/254"}],"wp:featuredmedia":[{"embeddable":true,"href":"https:\/\/akupunktur-grimm.de\/index.php?rest_route=\/wp\/v2\/media\/251"}],"wp:attachment":[{"href":"https:\/\/akupunktur-grimm.de\/index.php?rest_route=%2Fwp%2Fv2%2Fmedia&parent=49"}],"curies":[{"name":"wp","href":"https:\/\/api.w.org\/{rel}","templated":true}]}}