{"id":34,"date":"2016-11-17T11:08:57","date_gmt":"2016-11-17T11:08:57","guid":{"rendered":"http:\/\/akupunktur-grimm.de\/WordPress_SecureMode_01\/?page_id=34"},"modified":"2024-04-12T12:52:37","modified_gmt":"2024-04-12T12:52:37","slug":"schilddruesentherapie","status":"publish","type":"page","link":"https:\/\/akupunktur-grimm.de\/?page_id=34","title":{"rendered":"Schilddr\u00fcsentherapie"},"content":{"rendered":"<p><img loading=\"lazy\" decoding=\"async\" class=\"alignnone wp-image-46 size-full\" src=\"http:\/\/akupunktur-grimm.de\/WordPress_SecureMode_01\/wp-content\/uploads\/2016\/11\/slider_schilddruese.jpg\" alt=\"Schilddr\u00fcsentherapie\" width=\"1400\" height=\"500\" srcset=\"https:\/\/akupunktur-grimm.de\/wp-content\/uploads\/2016\/11\/slider_schilddruese.jpg 1400w, https:\/\/akupunktur-grimm.de\/wp-content\/uploads\/2016\/11\/slider_schilddruese-300x107.jpg 300w, https:\/\/akupunktur-grimm.de\/wp-content\/uploads\/2016\/11\/slider_schilddruese-768x274.jpg 768w, https:\/\/akupunktur-grimm.de\/wp-content\/uploads\/2016\/11\/slider_schilddruese-1024x366.jpg 1024w\" sizes=\"auto, (max-width: 1400px) 100vw, 1400px\" \/>Die Schilddr\u00fcse ist die gr\u00f6\u00dfte und intelligenteste Hormondr\u00fcse des menschlichen K\u00f6rpers. Sie reguliert den Gef\u00fchlshaushalt, schenkt uns Kraft und Durchhalteverm\u00f6gen und erlaubt es uns, alle unsere Anlagen und Neigungen zur Entfaltung und Reifung zu bringen.<\/p>\n<blockquote>\n<p style=\"text-align: justify;\">\u201eDer Weg zu Gl\u00fcck und Erfolg f\u00fchrt oft \u00fcber eine gesunde, aktive Schilddr\u00fcse.\u201c<br \/>\n(Zitat: Dr.med. Berndt Rieger, Bamberg)<\/p>\n<\/blockquote>\n<p>Erkrankungen der Schilddr\u00fcse wie:<\/p>\n<ul>\n<li style=\"list-style-type: none;\">\n<ul>\n<li>Unterfunktion, \u00dcberfunktion<\/li>\n<li>Hashimoto<\/li>\n<li>Morbus Basedow<\/li>\n<li>hei\u00dfe und kalte Knoten<\/li>\n<\/ul>\n<\/li>\n<\/ul>\n<p>reagieren in der Regel sehr gut auf naturheilkundliche Behandlungen.<\/p>\n<p>Wichtig f\u00fcr die Beurteilung einer Schilddr\u00fcsenerkrankung sind Ultraschalluntersuchung, Laborwerte und das Befinden des Patienten.<\/p>\n<p><strong><br \/>\nAufgabe der Schilddr\u00fcse<\/strong><\/p>\n<p>Viele Schilddr\u00fcsenerkrankte werden einzig mit der Gabe von Hormonen behandelt. Dies wird allerdings der Komplexit\u00e4t der Schilddr\u00fcse nicht gerecht.<br \/>\nDie Schilddr\u00fcse ist die gr\u00f6\u00dfte Hormondr\u00fcse des K\u00f6rpers und steuert Wachstum, W\u00e4rmeregulation, Hirnentwicklung und die Geschlechtsdr\u00fcsen. Zudem regelt sie noch den Kalzium-Phosphat-Stoffwechsel des K\u00f6rpers.<\/p>\n<p>Die Schilddr\u00fcse bildet folgende Hormone:<\/p>\n<ul>\n<li>T0, T1, T2<\/li>\n<li>T3, RT3<\/li>\n<li>T4<\/li>\n<li>Calcitonin<\/li>\n<\/ul>\n<p>All diese Hormone haben eine Bedeutung, eine Aufgabe. Deshalb ist z.B. nach operativer Entfernung der Schilddr\u00fcse, oder auch von Teilen, die alleinige Gabe von T4 (Bsp. Levothyroxin) nicht ausreichend.<\/p>\n<p>In der alten Medizin wird erkl\u00e4rt, wie die Schilddr\u00fcse dem Menschen die Kraft gibt, sein ganzes geistiges und emotionales Potenzial auszusch\u00f6pfen. Eine gesunde Schilddr\u00fcse vermittelt das Gef\u00fchl richtig zu leben, zu empfinden, willensstark und entschlussfreudig zu sein. Sie tr\u00e4gt im Wesentlichen dazu bei, dass K\u00f6rper, Geist und Seele im Einklang sind.<\/p>\n<p>Weitere Informationen zu Dr. med. Berndt Rieger:\u00a0 <a href=\"http:\/\/www.berndt-rieger.de\" target=\"_blank\" rel=\"noopener\">http:\/\/hormonie.org<\/a><\/p>\n","protected":false},"excerpt":{"rendered":"<p>Die Schilddr\u00fcse ist die gr\u00f6\u00dfte und intelligenteste Hormondr\u00fcse des menschlichen K\u00f6rpers. Sie reguliert den Gef\u00fchlshaushalt, schenkt uns Kraft und Durchhalteverm\u00f6gen und erlaubt es uns, alle unsere Anlagen und Neigungen zur Entfaltung und Reifung zu bringen. \u201eDer Weg zu Gl\u00fcck und<\/p>\n","protected":false},"author":1,"featured_media":46,"parent":16,"menu_order":0,"comment_status":"closed","ping_status":"closed","template":"","meta":{"footnotes":""},"class_list":["post-34","page","type-page","status-publish","has-post-thumbnail","hentry"],"_links":{"self":[{"href":"https:\/\/akupunktur-grimm.de\/index.php?rest_route=\/wp\/v2\/pages\/34","targetHints":{"allow":["GET"]}}],"collection":[{"href":"https:\/\/akupunktur-grimm.de\/index.php?rest_route=\/wp\/v2\/pages"}],"about":[{"href":"https:\/\/akupunktur-grimm.de\/index.php?rest_route=\/wp\/v2\/types\/page"}],"author":[{"embeddable":true,"href":"https:\/\/akupunktur-grimm.de\/index.php?rest_route=\/wp\/v2\/users\/1"}],"replies":[{"embeddable":true,"href":"https:\/\/akupunktur-grimm.de\/index.php?rest_route=%2Fwp%2Fv2%2Fcomments&post=34"}],"version-history":[{"count":10,"href":"https:\/\/akupunktur-grimm.de\/index.php?rest_route=\/wp\/v2\/pages\/34\/revisions"}],"predecessor-version":[{"id":258,"href":"https:\/\/akupunktur-grimm.de\/index.php?rest_route=\/wp\/v2\/pages\/34\/revisions\/258"}],"up":[{"embeddable":true,"href":"https:\/\/akupunktur-grimm.de\/index.php?rest_route=\/wp\/v2\/pages\/16"}],"wp:featuredmedia":[{"embeddable":true,"href":"https:\/\/akupunktur-grimm.de\/index.php?rest_route=\/wp\/v2\/media\/46"}],"wp:attachment":[{"href":"https:\/\/akupunktur-grimm.de\/index.php?rest_route=%2Fwp%2Fv2%2Fmedia&parent=34"}],"curies":[{"name":"wp","href":"https:\/\/api.w.org\/{rel}","templated":true}]}}