{"id":22,"date":"2016-11-17T10:16:05","date_gmt":"2016-11-17T10:16:05","guid":{"rendered":"http:\/\/akupunktur-grimm.de\/WordPress_SecureMode_01\/?page_id=22"},"modified":"2017-01-31T14:52:12","modified_gmt":"2017-01-31T14:52:12","slug":"kontakt","status":"publish","type":"page","link":"https:\/\/akupunktur-grimm.de\/?page_id=22","title":{"rendered":"Kontakt"},"content":{"rendered":"<p><strong><img loading=\"lazy\" decoding=\"async\" class=\"alignnone wp-image-70 size-full\" src=\"http:\/\/akupunktur-grimm.de\/WordPress_SecureMode_01\/wp-content\/uploads\/2016\/11\/praxis_martina_grimm.jpg\" alt=\"praxis_martina_grimm\" width=\"1400\" height=\"500\" srcset=\"https:\/\/akupunktur-grimm.de\/wp-content\/uploads\/2016\/11\/praxis_martina_grimm.jpg 1400w, https:\/\/akupunktur-grimm.de\/wp-content\/uploads\/2016\/11\/praxis_martina_grimm-300x107.jpg 300w, https:\/\/akupunktur-grimm.de\/wp-content\/uploads\/2016\/11\/praxis_martina_grimm-768x274.jpg 768w, https:\/\/akupunktur-grimm.de\/wp-content\/uploads\/2016\/11\/praxis_martina_grimm-1024x366.jpg 1024w\" sizes=\"auto, (max-width: 1400px) 100vw, 1400px\" \/><\/strong><\/p>\n<p><strong>Praxisadresse:\u00a0<\/strong><\/p>\n<p>Martina Grimm<br \/>\nSchmiedgasse 1<br \/>\n73441 Bopfingen (Ostalbkreis)<\/p>\n<p>Tel: 07362 802580<br \/>\nMobil: 0157 70293621<br \/>\n<script language='JavaScript' type='text\/javascript'> \nvar pref = '&#109;a' + 'i&#108;' + '&#116;o'; \nvar attribut = 'hr' + 'ef' + '='; var first = '%69%6E%66%6F'; var at = '%40'; var last = '&#x61;&#x6B;&#x75;&#x70;&#x75;&#x6E;&#x6B;&#x74;&#x75;&#x72;&#x2D;&#x67;&#x72;&#x69;&#x6D;&#x6D;&#x2E;&#x64;&#x65;'; \nvar first2 = '&#x69;&#x6E;&#x66;&#x6F;'; var at2 = '&#x40;'; var last2 = '&#97;&#107;&#117;&#112;&#117;&#110;&#107;&#116;&#117;&#114;&#45;&#103;&#114;&#105;&#109;&#109;&#46;&#100;&#101;'; \ndocument.write( '<a ' + attribut + '\\'' + pref + ':' + first + at + last + '\\'>' ); \ndocument.write( first2 + at2 + last2 ); document.write( '<\\\/a>' ); <\/script><noscript><br \/>\n<span style='display:none; '>are-<\/span><span style='display:inline; '>info<\/span><span style='display:none; '>-xya34<\/span><span style='display:inline; '>[at]<\/span><span style='display:none; '>ddks-<\/span><span style='display:inline; '>akupunktur-grimm.de<\/span> <\/noscript><\/p>\n<p>&nbsp;<\/p>\n<p><b>Termine nach Vereinbarung,<br \/>\nauf Wunsch auch Hausbesuche<\/b><\/p>\n<p>Da eine gute naturheilkundliche Behandlung RUHE erfordert, nehme ich mir ZEIT f\u00fcr Sie.<\/p>\n<p>Deshalb biete ich\u00a0<strong> Termine nach Absprache.<\/strong><\/p>\n<p>F\u00fcr meine Patienten, die \u00fcberwiegend aus den R\u00e4umen Bopfingen, Aalen und N\u00f6rdlingen kommen, gibt es keine Wartezeiten. Dies gilt selbstverst\u00e4ndlich auch f\u00fcr Patienten aus dem \u00fcbrigen Ostalbkreis, dem Donau-Ries-Kreis sowie aus ganz Baden-W\u00fcrttemberg und Bayern.<\/p>\n<p>&nbsp;<\/p>\n<p><strong>Ich freue mich, Sie auf Ihrem Heilungsweg begleiten zu d\u00fcrfen.<\/strong><\/p>\n","protected":false},"excerpt":{"rendered":"<p>Praxisadresse:\u00a0 Martina Grimm Schmiedgasse 1 73441 Bopfingen (Ostalbkreis) Tel: 07362 802580 Mobil: 0157 70293621 are-info-xya34[at]ddks-akupunktur-grimm.de &nbsp; Termine nach Vereinbarung, auf Wunsch auch Hausbesuche Da eine gute naturheilkundliche Behandlung RUHE erfordert, nehme ich mir ZEIT f\u00fcr Sie. Deshalb biete ich\u00a0 Termine<\/p>\n","protected":false},"author":1,"featured_media":70,"parent":0,"menu_order":0,"comment_status":"closed","ping_status":"closed","template":"","meta":{"footnotes":""},"class_list":["post-22","page","type-page","status-publish","has-post-thumbnail","hentry"],"_links":{"self":[{"href":"https:\/\/akupunktur-grimm.de\/index.php?rest_route=\/wp\/v2\/pages\/22","targetHints":{"allow":["GET"]}}],"collection":[{"href":"https:\/\/akupunktur-grimm.de\/index.php?rest_route=\/wp\/v2\/pages"}],"about":[{"href":"https:\/\/akupunktur-grimm.de\/index.php?rest_route=\/wp\/v2\/types\/page"}],"author":[{"embeddable":true,"href":"https:\/\/akupunktur-grimm.de\/index.php?rest_route=\/wp\/v2\/users\/1"}],"replies":[{"embeddable":true,"href":"https:\/\/akupunktur-grimm.de\/index.php?rest_route=%2Fwp%2Fv2%2Fcomments&post=22"}],"version-history":[{"count":11,"href":"https:\/\/akupunktur-grimm.de\/index.php?rest_route=\/wp\/v2\/pages\/22\/revisions"}],"predecessor-version":[{"id":219,"href":"https:\/\/akupunktur-grimm.de\/index.php?rest_route=\/wp\/v2\/pages\/22\/revisions\/219"}],"wp:featuredmedia":[{"embeddable":true,"href":"https:\/\/akupunktur-grimm.de\/index.php?rest_route=\/wp\/v2\/media\/70"}],"wp:attachment":[{"href":"https:\/\/akupunktur-grimm.de\/index.php?rest_route=%2Fwp%2Fv2%2Fmedia&parent=22"}],"curies":[{"name":"wp","href":"https:\/\/api.w.org\/{rel}","templated":true}]}}