{"id":18,"date":"2016-11-17T09:40:07","date_gmt":"2016-11-17T09:40:07","guid":{"rendered":"http:\/\/akupunktur-grimm.de\/WordPress_SecureMode_01\/?page_id=18"},"modified":"2019-10-30T10:01:32","modified_gmt":"2019-10-30T10:01:32","slug":"tonakupunktur","status":"publish","type":"page","link":"https:\/\/akupunktur-grimm.de\/?page_id=18","title":{"rendered":"Tonakupunktur"},"content":{"rendered":"<p><img loading=\"lazy\" decoding=\"async\" class=\"alignnone size-full wp-image-175\" src=\"http:\/\/akupunktur-grimm.de\/WordPress_SecureMode_01\/wp-content\/uploads\/2016\/12\/rot_tonakupunktur-2.jpg\" alt=\"\" width=\"1400\" height=\"500\" srcset=\"https:\/\/akupunktur-grimm.de\/wp-content\/uploads\/2016\/12\/rot_tonakupunktur-2.jpg 1400w, https:\/\/akupunktur-grimm.de\/wp-content\/uploads\/2016\/12\/rot_tonakupunktur-2-300x107.jpg 300w, https:\/\/akupunktur-grimm.de\/wp-content\/uploads\/2016\/12\/rot_tonakupunktur-2-768x274.jpg 768w, https:\/\/akupunktur-grimm.de\/wp-content\/uploads\/2016\/12\/rot_tonakupunktur-2-1024x366.jpg 1024w\" sizes=\"auto, (max-width: 1400px) 100vw, 1400px\" \/><\/p>\n<p>Bei der Tonakupunktur wird anstelle der klassischen Nadeln ein Tongenerator auf die Akupunktur-Punkte aufgesetzt. Diese Behandlungsmethode zeichnet sich durch ihre <strong>Schmerzfreiheit<\/strong> aus, die es erlaubt, Kinder und Menschen mit Nadelphobie zu behandeln.<\/p>\n<p>K\u00f6rper und Seele sind untrennbar verbunden, deshalb wirken die T\u00f6ne physisch und psychisch sehr tiefgreifend. Durch ihre Tiefe und Nachhaltigkeit werden die Selbstheilungskr\u00e4fte im Menschen aktiviert.<\/p>\n<p>Die Indikationen der Tonakupunktur entsprechen denen der klassischen Akupunktur, z.B.<\/p>\n<ul>\n<li>Wirbels\u00e4ulenbeschwerden<\/li>\n<li>Kopfschmerzen, Migr\u00e4ne<\/li>\n<li>Ersch\u00f6pfungszust\u00e4nde<\/li>\n<li>Schlafst\u00f6rungen<\/li>\n<li>Menstruations- \/ Wechseljahrsbeschwerden<\/li>\n<li>Nasennebenh\u00f6hlenentz\u00fcndungen, Bronchtitis<\/li>\n<li>Allergien<\/li>\n<li>Nervenschmerzen<\/li>\n<li>Magen-Darm-Erkrankungen<\/li>\n<\/ul>\n<p>und vieles mehr.<\/p>\n<p><strong>Herkunft<\/strong><\/p>\n<p>Der franz\u00f6sische Arzt Jean Lamy wurde durch Hinweise aus der fern\u00f6stlichen Literatur auf die Heilung mit T\u00f6nen aufmerksam.<br \/>\nLiki (Buch der Riten und Gebr\u00e4uche zw. 4000-1000 v.Chr.):<\/p>\n<ul>\n<li>T\u00f6ne sch\u00e4rfen die Sinne, ordnen die Kr\u00e4fte des Blutes und die Energien im K\u00f6rper<\/li>\n<li>durch T\u00f6ne werden Yin und Yang harmonisch vereint<\/li>\n<\/ul>\n<p>Er erforschte daraufhin die Beziehungen zwischen Tonfrequenzen und Organen bzw. Meridianen und wurde so der Erfinder der Phonophorese (Tonakupunktur).<\/p>\n<p>Jean Lamy entwickelte dazu einen Tongenerator mit Schwingungskopf und Stift, der auf die Akupunktur-Punkte aufgesetzt wird und so die Schwingung \u00fcbertr\u00e4gt.\u00a0 Er dokumentierte seine langj\u00e4hrigen Erfahrungen in einem zweib\u00e4ndigen Werk in den Jahren 1967 und 1969.<\/p>\n<p>Dr. med. Erwin Schick (1913-1995), Arzt und Akupunkteur aus Stuttgart, brachte\u00a0 in den 1970er Jahren diese Therapie nach Deutschand.<\/p>\n","protected":false},"excerpt":{"rendered":"<p>Bei der Tonakupunktur wird anstelle der klassischen Nadeln ein Tongenerator auf die Akupunktur-Punkte aufgesetzt. Diese Behandlungsmethode zeichnet sich durch ihre Schmerzfreiheit aus, die es erlaubt, Kinder und Menschen mit Nadelphobie zu behandeln. K\u00f6rper und Seele sind untrennbar verbunden, deshalb wirken<\/p>\n","protected":false},"author":1,"featured_media":48,"parent":16,"menu_order":0,"comment_status":"closed","ping_status":"closed","template":"","meta":{"footnotes":""},"class_list":["post-18","page","type-page","status-publish","has-post-thumbnail","hentry"],"_links":{"self":[{"href":"https:\/\/akupunktur-grimm.de\/index.php?rest_route=\/wp\/v2\/pages\/18","targetHints":{"allow":["GET"]}}],"collection":[{"href":"https:\/\/akupunktur-grimm.de\/index.php?rest_route=\/wp\/v2\/pages"}],"about":[{"href":"https:\/\/akupunktur-grimm.de\/index.php?rest_route=\/wp\/v2\/types\/page"}],"author":[{"embeddable":true,"href":"https:\/\/akupunktur-grimm.de\/index.php?rest_route=\/wp\/v2\/users\/1"}],"replies":[{"embeddable":true,"href":"https:\/\/akupunktur-grimm.de\/index.php?rest_route=%2Fwp%2Fv2%2Fcomments&post=18"}],"version-history":[{"count":14,"href":"https:\/\/akupunktur-grimm.de\/index.php?rest_route=\/wp\/v2\/pages\/18\/revisions"}],"predecessor-version":[{"id":229,"href":"https:\/\/akupunktur-grimm.de\/index.php?rest_route=\/wp\/v2\/pages\/18\/revisions\/229"}],"up":[{"embeddable":true,"href":"https:\/\/akupunktur-grimm.de\/index.php?rest_route=\/wp\/v2\/pages\/16"}],"wp:featuredmedia":[{"embeddable":true,"href":"https:\/\/akupunktur-grimm.de\/index.php?rest_route=\/wp\/v2\/media\/48"}],"wp:attachment":[{"href":"https:\/\/akupunktur-grimm.de\/index.php?rest_route=%2Fwp%2Fv2%2Fmedia&parent=18"}],"curies":[{"name":"wp","href":"https:\/\/api.w.org\/{rel}","templated":true}]}}