{"id":12,"date":"2016-11-17T09:31:47","date_gmt":"2016-11-17T09:31:47","guid":{"rendered":"http:\/\/akupunktur-grimm.de\/WordPress_SecureMode_01\/?page_id=12"},"modified":"2017-01-31T14:52:57","modified_gmt":"2017-01-31T14:52:57","slug":"impressum","status":"publish","type":"page","link":"https:\/\/akupunktur-grimm.de\/?page_id=12","title":{"rendered":"Impressum"},"content":{"rendered":"<p>Angaben gem\u00e4\u00df \u00a7 5 TMG<\/p>\n<p><strong>Martina Grimm<\/strong><\/p>\n<p><strong>Praxis f\u00fcr Akupunktur und Naturheilkunde<\/strong><br \/>\nSchmiedgasse 1<br \/>\n73441 Bopfingen<\/p>\n<p><strong>Telefon:<\/strong> 07362 \u2013 80 25 80<br \/>\n<strong>E-Mail:<\/strong> <script language='JavaScript' type='text\/javascript'> \nvar pref = '&#109;a' + 'i&#108;' + '&#116;o'; \nvar attribut = 'hr' + 'ef' + '='; var first = '%69%6E%66%6F'; var at = '%40'; var last = '&#x61;&#x6B;&#x75;&#x70;&#x75;&#x6E;&#x6B;&#x74;&#x75;&#x72;&#x2D;&#x67;&#x72;&#x69;&#x6D;&#x6D;&#x2E;&#x64;&#x65;'; \nvar first2 = '&#x69;&#x6E;&#x66;&#x6F;'; var at2 = '&#x40;'; var last2 = '&#97;&#107;&#117;&#112;&#117;&#110;&#107;&#116;&#117;&#114;&#45;&#103;&#114;&#105;&#109;&#109;&#46;&#100;&#101;'; \ndocument.write( '<a ' + attribut + '\\'' + pref + ':' + first + at + last + '\\'>' ); \ndocument.write( first2 + at2 + last2 ); document.write( '<\\\/a>' ); <\/script><noscript><br \/>\n<span style='display:none; '>are-<\/span><span style='display:inline; '>info<\/span><span style='display:none; '>-xya34<\/span><span style='display:inline; '>[at]<\/span><span style='display:none; '>ddks-<\/span><span style='display:inline; '>akupunktur-grimm.de<\/span> <\/noscript><\/p>\n<p>Verantwortlicher f\u00fcr den Inhalt der Homepage nach \u00a7 55 Abs. 2 RStV: Martina Grimm<\/p>\n<p>Gesetzliche Berufsbezeichnung: Heilpraktiker (verliehen in der Bundesrepublik Deutschland)<\/p>\n<p>Zust\u00e4ndige Aufsichtsbeh\u00f6rde: Gesundheitsamt Aalen, Julius-Bausch-Stra\u00dfe 12, 73430 Aalen<\/p>\n<p>Tag der amts\u00e4rztlichen \u00dcberpr\u00fcfung: 20.12.2006<br \/>\nBeh\u00f6rdliche Erlaubnis durch Gesundheitsamt in: Heilbronn<\/p>\n<p>Berufsordnung: Nachzulesen im Internet unter <a href=\"http:\/\/www.bdh-online.de\/178.0.html\">http:\/\/www.bdh-online.de\/178.0.html<\/a><\/p>\n<p>Berufsrechtliche Regelungen: Gesetz \u00fcber die berufsm\u00e4\u00dfige Aus\u00fcbung der Heilkunde ohne \u00e4rztliche Bestallung (Heilpraktikergesetz) und Durchf\u00fchrungsverordnung,<br \/>\nnachzulesen im Internet unter<br \/>\n<a href=\"http:\/\/www.gesetze-im-internet.de\/heilprg\/index.html\">http:\/\/www.gesetze-im-internet.de\/heilprg\/index.html<\/a> und<br \/>\n<a href=\"http:\/\/www.gesetze-im-internet.de\/heilprgdv_1\/index.html\">http:\/\/www.gesetze-im-internet.de\/heilprgdv_1\/index.html<\/a><\/p>\n<p>Heilkundliche T\u00e4tigkeit ist von der Umsatzsteuer nach gem\u00e4\u00df \u00a7 4 Nr.14 UStG befreit.<\/p>\n<p>Berufshaftpflichtversicherung: Basler Versicherungen,61345 Bad Homburg, Geltungsbereich: Bundesrepublik Deutschland<\/p>\n","protected":false},"excerpt":{"rendered":"<p>Angaben gem\u00e4\u00df \u00a7 5 TMG Martina Grimm Praxis f\u00fcr Akupunktur und Naturheilkunde Schmiedgasse 1 73441 Bopfingen Telefon: 07362 \u2013 80 25 80 E-Mail: are-info-xya34[at]ddks-akupunktur-grimm.de Verantwortlicher f\u00fcr den Inhalt der Homepage nach \u00a7 55 Abs. 2 RStV: Martina Grimm Gesetzliche Berufsbezeichnung:<\/p>\n","protected":false},"author":1,"featured_media":0,"parent":0,"menu_order":0,"comment_status":"closed","ping_status":"closed","template":"","meta":{"footnotes":""},"class_list":["post-12","page","type-page","status-publish","hentry"],"_links":{"self":[{"href":"https:\/\/akupunktur-grimm.de\/index.php?rest_route=\/wp\/v2\/pages\/12","targetHints":{"allow":["GET"]}}],"collection":[{"href":"https:\/\/akupunktur-grimm.de\/index.php?rest_route=\/wp\/v2\/pages"}],"about":[{"href":"https:\/\/akupunktur-grimm.de\/index.php?rest_route=\/wp\/v2\/types\/page"}],"author":[{"embeddable":true,"href":"https:\/\/akupunktur-grimm.de\/index.php?rest_route=\/wp\/v2\/users\/1"}],"replies":[{"embeddable":true,"href":"https:\/\/akupunktur-grimm.de\/index.php?rest_route=%2Fwp%2Fv2%2Fcomments&post=12"}],"version-history":[{"count":8,"href":"https:\/\/akupunktur-grimm.de\/index.php?rest_route=\/wp\/v2\/pages\/12\/revisions"}],"predecessor-version":[{"id":220,"href":"https:\/\/akupunktur-grimm.de\/index.php?rest_route=\/wp\/v2\/pages\/12\/revisions\/220"}],"wp:attachment":[{"href":"https:\/\/akupunktur-grimm.de\/index.php?rest_route=%2Fwp%2Fv2%2Fmedia&parent=12"}],"curies":[{"name":"wp","href":"https:\/\/api.w.org\/{rel}","templated":true}]}}